{"id":744,"date":"2025-06-18T18:39:14","date_gmt":"2025-06-18T16:39:14","guid":{"rendered":"https:\/\/ivyinterior.design\/fr\/?page_id=744"},"modified":"2025-06-18T18:51:39","modified_gmt":"2025-06-18T16:51:39","slug":"privacy-policy","status":"publish","type":"page","link":"https:\/\/ivyinterior.design\/fr\/privacy-policy\/","title":{"rendered":"Politique de confidentialit\u00e9"},"content":{"rendered":"<div class=\"wpb-content-wrapper\"><p>[vc_row][vc_column]<div class=\"tvk-custom-text-block tvk-custom-text-6a0916cf21e24-8439\" ><h1 data-start=\"388\" data-end=\"452\">Politique de confidentialit\u00e9<\/h1>\n<p>\u00a0<\/p>\n<p data-start=\"388\" data-end=\"452\"><strong data-start=\"388\" data-end=\"452\">Derni\u00e8re mise \u00e0 jour : 20.01.2025<\/strong><\/p>\n<p data-start=\"454\" data-end=\"709\">Le site <strong data-start=\"462\" data-end=\"484\">ivyinterior.design<\/strong> accorde une grande importance \u00e0 la protection de votre vie priv\u00e9e et au respect de vos donn\u00e9es personnelles, conform\u00e9ment au R\u00e8glement G\u00e9n\u00e9ral sur la Protection des Donn\u00e9es (RGPD \u2013 UE 2016\/679) et \u00e0 la l\u00e9gislation fran\u00e7aise.<\/p>\n<hr data-start=\"711\" data-end=\"714\" \/>\n<h3 data-start=\"716\" data-end=\"754\"><strong data-start=\"720\" data-end=\"752\">1. Responsable du traitement<\/strong><\/h3>\n<p data-start=\"755\" data-end=\"990\">Le responsable du traitement des donn\u00e9es personnelles collect\u00e9es sur ce site est :<br data-start=\"837\" data-end=\"840\" \/><b>Ivette Palacios Giffard<\/b><br data-start=\"890\" data-end=\"893\" \/>Email : ivyarchi.interior@gmail.com<br data-start=\"928\" data-end=\"931\" \/>Adresse : 45 Quartier Lac de maine \u2013 49000 Angers<\/p>\n<hr data-start=\"992\" data-end=\"995\" \/>\n<h3 data-start=\"997\" data-end=\"1028\"><strong data-start=\"1001\" data-end=\"1026\">2. Donn\u00e9es collect\u00e9es<\/strong><\/h3>\n<p data-start=\"1029\" data-end=\"1113\">Lors de votre navigation sur le site, nous pouvons collecter les donn\u00e9es suivantes :<\/p>\n<ul data-start=\"1115\" data-end=\"1351\">\n<li data-start=\"1115\" data-end=\"1157\">\n<p data-start=\"1117\" data-end=\"1157\">Nom et pr\u00e9nom (si formulaire de contact)<\/p>\n<\/li>\n<li data-start=\"1158\" data-end=\"1174\">\n<p data-start=\"1160\" data-end=\"1174\">Adresse e-mail<\/p>\n<\/li>\n<li data-start=\"1224\" data-end=\"1255\">\n<p data-start=\"1226\" data-end=\"1255\">Message ou contenu de demande<\/p>\n<\/li>\n<li data-start=\"1224\" data-end=\"1255\">Webadresse<\/li>\n<li data-start=\"1256\" data-end=\"1351\">\n<p data-start=\"1258\" data-end=\"1351\">Donn\u00e9es de navigation (type de navigateur, pages visit\u00e9es, dur\u00e9e de visite, etc.)<\/p>\n<\/li>\n<\/ul>\n<hr data-start=\"1353\" data-end=\"1356\" \/>\n<h3 data-start=\"1358\" data-end=\"1394\"><strong data-start=\"1362\" data-end=\"1392\">3. Finalit\u00e9s du traitement<\/strong><\/h3>\n<p data-start=\"1395\" data-end=\"1450\">Les donn\u00e9es collect\u00e9es sont utilis\u00e9es uniquement pour :<\/p>\n<ul data-start=\"1452\" data-end=\"1660\">\n<li data-start=\"1452\" data-end=\"1515\">\n<p data-start=\"1454\" data-end=\"1515\">R\u00e9pondre \u00e0 vos demandes envoy\u00e9es via le formulaire de contact<\/p>\n<\/li>\n<li data-start=\"1516\" data-end=\"1576\">\n<p data-start=\"1518\" data-end=\"1576\">G\u00e9rer les prises de rendez-vous ou demandes de prestations<\/p>\n<\/li>\n<li data-start=\"1577\" data-end=\"1624\">\n<p data-start=\"1579\" data-end=\"1624\">Am\u00e9liorer le site et l\u2019exp\u00e9rience utilisateur<\/p>\n<\/li>\n<li data-start=\"1625\" data-end=\"1660\">\n<p data-start=\"1627\" data-end=\"1660\">Respecter nos obligations l\u00e9gales<\/p>\n<\/li>\n<\/ul>\n<p data-start=\"1662\" data-end=\"1749\">Aucune donn\u00e9e n\u2019est utilis\u00e9e \u00e0 des fins commerciales sans votre consentement explicite.<\/p>\n<hr data-start=\"1751\" data-end=\"1754\" \/>\n<h3 data-start=\"1756\" data-end=\"1794\"><strong data-start=\"1760\" data-end=\"1792\">4. Destinataires des donn\u00e9es<\/strong><\/h3>\n<p data-start=\"1795\" data-end=\"1921\">Les donn\u00e9es sont exclusivement destin\u00e9es \u00e0 <strong data-start=\"1838\" data-end=\"1860\">ivyinterior.design<\/strong> et ne sont <strong data-start=\"1872\" data-end=\"1908\">ni vendues, ni lou\u00e9es, ni c\u00e9d\u00e9es<\/strong> \u00e0 des tiers.<\/p>\n<p data-start=\"1923\" data-end=\"2100\">Elles peuvent \u00eatre stock\u00e9es temporairement chez notre h\u00e9bergeur ou fournisseur d\u2019e-mail s\u00e9curis\u00e9 \u00e0 des fins strictement techniques (h\u00e9bergement, maintenance, envoi de messages).<\/p>\n<hr data-start=\"2102\" data-end=\"2105\" \/>\n<h3 data-start=\"2107\" data-end=\"2141\"><strong data-start=\"2111\" data-end=\"2139\">5. Dur\u00e9e de conservation<\/strong><\/h3>\n<ul data-start=\"2142\" data-end=\"2321\">\n<li data-start=\"2142\" data-end=\"2240\">\n<p data-start=\"2144\" data-end=\"2240\">Les donn\u00e9es de contact sont conserv\u00e9es pendant un maximum de 1 an \u00e0 compter du dernier \u00e9change.<\/p>\n<\/li>\n<li data-start=\"2241\" data-end=\"2321\">\n<p data-start=\"2243\" data-end=\"2321\">Les donn\u00e9es de navigation anonymis\u00e9es peuvent \u00eatre conserv\u00e9es pendant 13 mois.<\/p>\n<\/li>\n<\/ul>\n<hr data-start=\"2323\" data-end=\"2326\" \/>\n<h3 data-start=\"2328\" data-end=\"2351\"><strong data-start=\"2332\" data-end=\"2349\">6. Vos droits<\/strong><\/h3>\n<p data-start=\"2352\" data-end=\"2409\">Conform\u00e9ment au RGPD, vous disposez des droits suivants :<\/p>\n<ul data-start=\"2411\" data-end=\"2576\">\n<li data-start=\"2411\" data-end=\"2444\">\n<p data-start=\"2413\" data-end=\"2444\"><strong data-start=\"2413\" data-end=\"2430\">Droit d\u2019acc\u00e8s<\/strong> \u00e0 vos donn\u00e9es<\/p>\n<\/li>\n<li data-start=\"2445\" data-end=\"2473\">\n<p data-start=\"2447\" data-end=\"2473\"><strong data-start=\"2447\" data-end=\"2473\">Droit de rectification<\/strong><\/p>\n<\/li>\n<li data-start=\"2474\" data-end=\"2522\">\n<p data-start=\"2476\" data-end=\"2522\"><strong data-start=\"2476\" data-end=\"2500\">Droit \u00e0 l\u2019effacement<\/strong> (\u00ab droit \u00e0 l\u2019oubli \u00bb)<\/p>\n<\/li>\n<li data-start=\"2523\" data-end=\"2547\">\n<p data-start=\"2525\" data-end=\"2547\"><strong data-start=\"2525\" data-end=\"2547\">Droit d\u2019opposition<\/strong><\/p>\n<\/li>\n<li data-start=\"2548\" data-end=\"2576\">\n<p data-start=\"2550\" data-end=\"2576\"><strong data-start=\"2550\" data-end=\"2576\">Droit \u00e0 la portabilit\u00e9<\/strong><\/p>\n<\/li>\n<\/ul>\n<p data-start=\"2578\" data-end=\"2648\">Pour exercer ces droits, veuillez nous contacter \u00e0 : [adresse e-mail].<\/p>\n<hr data-start=\"2650\" data-end=\"2653\" \/>\n<h3 data-start=\"2655\" data-end=\"2675\"><strong data-start=\"2659\" data-end=\"2673\">7. Cookies<\/strong><\/h3>\n<p data-start=\"2676\" data-end=\"2716\">Le site peut utiliser des cookies pour :<\/p>\n<ul data-start=\"2718\" data-end=\"2832\">\n<li data-start=\"2718\" data-end=\"2743\">\n<p data-start=\"2720\" data-end=\"2743\">Faciliter la navigation<\/p>\n<\/li>\n<li data-start=\"2744\" data-end=\"2797\">\n<p data-start=\"2746\" data-end=\"2797\">Mesurer l\u2019audience (Google Analytics ou \u00e9quivalent)<\/p>\n<\/li>\n<li data-start=\"2798\" data-end=\"2832\">\n<p data-start=\"2800\" data-end=\"2832\">Am\u00e9liorer la performance du site<\/p>\n<\/li>\n<\/ul>\n<p data-start=\"2834\" data-end=\"2974\">En poursuivant votre navigation, vous acceptez l\u2019utilisation de ces cookies. Vous pouvez les refuser ou les configurer via votre navigateur.<\/p>\n<hr data-start=\"2976\" data-end=\"2979\" \/>\n<h3 data-start=\"2981\" data-end=\"3002\"><strong data-start=\"2985\" data-end=\"3000\">8. S\u00e9curit\u00e9<\/strong><\/h3>\n<p data-start=\"3003\" data-end=\"3187\">Nous mettons en \u0153uvre toutes les mesures techniques et organisationnelles n\u00e9cessaires pour prot\u00e9ger vos donn\u00e9es contre tout acc\u00e8s, alt\u00e9ration, divulgation ou destruction non autoris\u00e9e.<\/p>\n<hr data-start=\"3189\" data-end=\"3192\" \/>\n<h3 data-start=\"3194\" data-end=\"3214\"><strong data-start=\"3198\" data-end=\"3212\">9. Contact<\/strong><\/h3>\n<p data-start=\"3215\" data-end=\"3438\">Pour toute question ou demande relative \u00e0 la confidentialit\u00e9 de vos donn\u00e9es, vous pouvez nous \u00e9crire \u00e0 :<br data-start=\"3319\" data-end=\"3322\" \/>ivyarchi.interior@gmail.com<br data-start=\"3353\" data-end=\"3356\" \/>ou par courrier \u00e0 :<br data-start=\"3375\" data-end=\"3378\" \/>Quartier Lac de maine \u2013 49000 Angers<\/p>\n<\/div>[\/vc_column][\/vc_row]<\/p>\n<\/div>","protected":false},"excerpt":{"rendered":"<p>[vc_row][vc_column][\/vc_column][\/vc_row]<\/p>\n","protected":false},"author":1,"featured_media":0,"parent":0,"menu_order":0,"comment_status":"closed","ping_status":"closed","template":"","meta":{"footnotes":""},"class_list":["post-744","page","type-page","status-publish","hentry"],"yoast_head":"<!-- This site is optimized with the Yoast SEO plugin v27.6 - https:\/\/yoast.com\/product\/yoast-seo-wordpress\/ -->\n<title>Politique de confidentialit\u00e9<\/title>\n<meta name=\"robots\" content=\"index, follow, max-snippet:-1, max-image-preview:large, max-video-preview:-1\" \/>\n<link rel=\"canonical\" href=\"https:\/\/ivyinterior.design\/fr\/privacy-policy\/\" \/>\n<meta property=\"og:locale\" content=\"fr_FR\" \/>\n<meta property=\"og:locale:alternate\" content=\"en_US\" \/>\n<meta property=\"og:locale:alternate\" content=\"es_ES\" \/>\n<meta property=\"og:type\" content=\"article\" \/>\n<meta property=\"og:title\" content=\"Politique de confidentialit\u00e9\" \/>\n<meta property=\"og:description\" content=\"[vc_row][vc_column][\/vc_column][\/vc_row]\" \/>\n<meta property=\"og:url\" content=\"https:\/\/ivyinterior.design\/fr\/privacy-policy\/\" \/>\n<meta property=\"article:modified_time\" content=\"2025-06-18T16:51:39+00:00\" \/>\n<meta name=\"twitter:card\" content=\"summary_large_image\" \/>\n<meta name=\"twitter:label1\" content=\"Dur\u00e9e de lecture estim\u00e9e\" \/>\n\t<meta name=\"twitter:data1\" content=\"2 minutes\" \/>\n<script type=\"application\/ld+json\" class=\"yoast-schema-graph\">{\"@context\":\"https:\\\/\\\/schema.org\",\"@graph\":[{\"@type\":\"WebPage\",\"@id\":\"https:\\\/\\\/ivyinterior.design\\\/fr\\\/privacy-policy\\\/\",\"url\":\"https:\\\/\\\/ivyinterior.design\\\/fr\\\/privacy-policy\\\/\",\"name\":\"Politique de confidentialit\u00e9\",\"isPartOf\":{\"@id\":\"https:\\\/\\\/ivyinterior.design\\\/fr\\\/#website\"},\"datePublished\":\"2025-06-18T16:39:14+00:00\",\"dateModified\":\"2025-06-18T16:51:39+00:00\",\"breadcrumb\":{\"@id\":\"https:\\\/\\\/ivyinterior.design\\\/fr\\\/privacy-policy\\\/#breadcrumb\"},\"inLanguage\":\"fr-FR\",\"potentialAction\":[{\"@type\":\"ReadAction\",\"target\":[\"https:\\\/\\\/ivyinterior.design\\\/fr\\\/privacy-policy\\\/\"]}]},{\"@type\":\"BreadcrumbList\",\"@id\":\"https:\\\/\\\/ivyinterior.design\\\/fr\\\/privacy-policy\\\/#breadcrumb\",\"itemListElement\":[{\"@type\":\"ListItem\",\"position\":1,\"name\":\"Portada\",\"item\":\"https:\\\/\\\/ivyinterior.design\\\/en\\\/\"},{\"@type\":\"ListItem\",\"position\":2,\"name\":\"Politique de confidentialit\u00e9\"}]},{\"@type\":\"WebSite\",\"@id\":\"https:\\\/\\\/ivyinterior.design\\\/fr\\\/#website\",\"url\":\"https:\\\/\\\/ivyinterior.design\\\/fr\\\/\",\"name\":\"Ivi Giffard\",\"description\":\"\",\"potentialAction\":[{\"@type\":\"SearchAction\",\"target\":{\"@type\":\"EntryPoint\",\"urlTemplate\":\"https:\\\/\\\/ivyinterior.design\\\/fr\\\/?s={search_term_string}\"},\"query-input\":{\"@type\":\"PropertyValueSpecification\",\"valueRequired\":true,\"valueName\":\"search_term_string\"}}],\"inLanguage\":\"fr-FR\"}]}<\/script>\n<!-- \/ Yoast SEO plugin. -->","yoast_head_json":{"title":"Politique de confidentialit\u00e9","robots":{"index":"index","follow":"follow","max-snippet":"max-snippet:-1","max-image-preview":"max-image-preview:large","max-video-preview":"max-video-preview:-1"},"canonical":"https:\/\/ivyinterior.design\/fr\/privacy-policy\/","og_locale":"fr_FR","og_type":"article","og_title":"[:en]Privacy Policy[:fr]Politique de confidentialit\u00e9[:] -","og_description":"[vc_row][vc_column][\/vc_column][\/vc_row]","og_url":"https:\/\/ivyinterior.design\/fr\/privacy-policy\/","article_modified_time":"2025-06-18T16:51:39+00:00","twitter_card":"summary_large_image","twitter_misc":{"Dur\u00e9e de lecture estim\u00e9e":"2 minutes"},"schema":{"@context":"https:\/\/schema.org","@graph":[{"@type":"WebPage","@id":"https:\/\/ivyinterior.design\/fr\/privacy-policy\/","url":"https:\/\/ivyinterior.design\/fr\/privacy-policy\/","name":"Politique de confidentialit\u00e9","isPartOf":{"@id":"https:\/\/ivyinterior.design\/fr\/#website"},"datePublished":"2025-06-18T16:39:14+00:00","dateModified":"2025-06-18T16:51:39+00:00","breadcrumb":{"@id":"https:\/\/ivyinterior.design\/fr\/privacy-policy\/#breadcrumb"},"inLanguage":"fr-FR","potentialAction":[{"@type":"ReadAction","target":["https:\/\/ivyinterior.design\/fr\/privacy-policy\/"]}]},{"@type":"BreadcrumbList","@id":"https:\/\/ivyinterior.design\/fr\/privacy-policy\/#breadcrumb","itemListElement":[{"@type":"ListItem","position":1,"name":"Portada","item":"https:\/\/ivyinterior.design\/en\/"},{"@type":"ListItem","position":2,"name":"Politique de confidentialit\u00e9"}]},{"@type":"WebSite","@id":"https:\/\/ivyinterior.design\/fr\/#website","url":"https:\/\/ivyinterior.design\/fr\/","name":"Ivi Giffard","description":"","potentialAction":[{"@type":"SearchAction","target":{"@type":"EntryPoint","urlTemplate":"https:\/\/ivyinterior.design\/fr\/?s={search_term_string}"},"query-input":{"@type":"PropertyValueSpecification","valueRequired":true,"valueName":"search_term_string"}}],"inLanguage":"fr-FR"}]}},"_links":{"self":[{"href":"https:\/\/ivyinterior.design\/fr\/wp-json\/wp\/v2\/pages\/744","targetHints":{"allow":["GET"]}}],"collection":[{"href":"https:\/\/ivyinterior.design\/fr\/wp-json\/wp\/v2\/pages"}],"about":[{"href":"https:\/\/ivyinterior.design\/fr\/wp-json\/wp\/v2\/types\/page"}],"author":[{"embeddable":true,"href":"https:\/\/ivyinterior.design\/fr\/wp-json\/wp\/v2\/users\/1"}],"replies":[{"embeddable":true,"href":"https:\/\/ivyinterior.design\/fr\/wp-json\/wp\/v2\/comments?post=744"}],"version-history":[{"count":7,"href":"https:\/\/ivyinterior.design\/fr\/wp-json\/wp\/v2\/pages\/744\/revisions"}],"predecessor-version":[{"id":749,"href":"https:\/\/ivyinterior.design\/fr\/wp-json\/wp\/v2\/pages\/744\/revisions\/749"}],"wp:attachment":[{"href":"https:\/\/ivyinterior.design\/fr\/wp-json\/wp\/v2\/media?parent=744"}],"curies":[{"name":"wp","href":"https:\/\/api.w.org\/{rel}","templated":true}]}}