{"id":492,"date":"2025-05-29T12:17:23","date_gmt":"2025-05-29T10:17:23","guid":{"rendered":"https:\/\/ivyinterior.design\/en\/?page_id=492"},"modified":"2025-12-06T20:47:03","modified_gmt":"2025-12-06T19:47:03","slug":"ivy-interior-design","status":"publish","type":"page","link":"https:\/\/ivyinterior.design\/fr\/","title":{"rendered":"Ivy Interior Design"},"content":{"rendered":"<div class=\"wpb-content-wrapper\"><p>[vc_row custom_responsive_option=\u00a0\u00bb\u00a0\u00bb el_class=\u00a0\u00bbhero-overlay\u00a0\u00bb][vc_column]<div class=\"tvk-vc-custom-title-container text-left\" ><h1 class=\"tvk-title-vc tvk-font-style-custom-bolt\" >Ivy Giffard<\/h1><\/div><div class=\"tvk-vc-custom-title-container vc_custom_1750236748267 text-left\" ><h2 class=\"tvk-title-vc tvk-font-style-custom tvk-white-cl\" >L\u2019\u00e9l\u00e9gance architecturale et la mati\u00e8re naturelle au c\u0153ur de chaque espace<\/h2><\/div><div class=\"tvk-button-wrapper-vc text-left \" ><a class=\"tvk-btn large-size primary-btn\"  href=\"https:\/\/ivyinterior.design\/fr\/services\/\" title=\"Services\">Prendre RDV<\/a><\/div>[\/vc_column][\/vc_row][vc_row][vc_column][vc_empty_space height=\u00a0\u00bb20vh\u00a0\u00bb][\/vc_column][\/vc_row][vc_row css=\u00a0\u00bb.vc_custom_1750235190399{margin-bottom: 0px !important;background-color: #B19A7D00 !important;}\u00a0\u00bb][vc_column]<div class=\"tvk-vc-custom-title-container vc_custom_1750235562900 text-left\" ><h2 class=\"tvk-title-vc tvk-font-style-custom tvk-custom-title-6a090ab829fba-5387\" >Vision<\/h2><\/div><div class=\"tvk-custom-text-block tvk-custom-text-6a090ab82a049-2511\" ><p>Cr\u00e9er des int\u00e9rieurs o\u00f9 la ligne guide la forme et la terre nourrit la mati\u00e8re. Des lieux de vie sobres, apaisants et ouverts, pens\u00e9s pour r\u00e9v\u00e9ler le confort, la lumi\u00e8re naturelle et la justesse des usages. Lin\u00e9a Terra propose une approche sensible, \u00e9cologique et sur mesure de l\u2019architecture d\u2019int\u00e9rieur.<\/p>\n<\/div>[\/vc_column][\/vc_row][vc_row][vc_column][vc_empty_space height=\u00a0\u00bb20vh\u00a0\u00bb][\/vc_column][\/vc_row][vc_row][vc_column]<div class=\"tvk-vc-custom-title-container text-left\" ><h2 class=\"tvk-title-vc tvk-font-style-custom\" ><strong>Philosophie<\/strong><\/h2><\/div>[\/vc_column][\/vc_row][vc_row css=\u00a0\u00bb.vc_custom_1750235648304{margin-top: 5vh !important;background-color: #CEC2AB !important;}\u00a0\u00bb][vc_column width=\u00a0\u00bb1\/3\u2033][vc_icon icon_fontawesome=\u00a0\u00bbfas fa-sun\u00a0\u00bb color=\u00a0\u00bbcustom\u00a0\u00bb size=\u00a0\u00bblg\u00a0\u00bb align=\u00a0\u00bbcenter\u00a0\u00bb css=\u00a0\u00bb.vc_custom_1748539630317{margin-bottom: 6vh !important;}\u00a0\u00bb custom_color=\u00a0\u00bb#0D3C05\u2033]<div class=\"tvk-vc-custom-title-container vc_custom_1750236947336 text-center\" ><h3 class=\"tvk-title-vc tvk-font-style-regular tvk-custom-title-6a090ab82a189-1872\" ><strong>Lumi\u00e8re naturelle comme point d\u2019ancrage<\/strong><\/h3><\/div><div class=\"tvk-custom-text-block vc_custom_1750236981702 tvk-custom-text-6a090ab82a202-7050\" ><p style=\"text-align: center;\">Chaque projet d\u00e9bute par une \u00e9tude de l\u2019ensoleillement. La lumi\u00e8re oriente les choix d\u2019organisation, de volumes et de mati\u00e8res.<\/p>\n<\/div>[\/vc_column][vc_column width=\u00a0\u00bb1\/3\u2033][vc_icon icon_fontawesome=\u00a0\u00bbfas fa-couch\u00a0\u00bb color=\u00a0\u00bbcustom\u00a0\u00bb size=\u00a0\u00bblg\u00a0\u00bb align=\u00a0\u00bbcenter\u00a0\u00bb css=\u00a0\u00bb.vc_custom_1748539941560{margin-bottom: 6vh !important;}\u00a0\u00bb custom_color=\u00a0\u00bb#0D3C05\u2033]<div class=\"tvk-vc-custom-title-container vc_custom_1750236958082 text-center\" ><h3 class=\"tvk-title-vc tvk-font-style-regular tvk-custom-title-6a090ab82a2b5-1219\" ><strong>Mobilier sur mesure pour cr\u00e9er l\u2019ordre<\/strong><\/h3><\/div><div class=\"tvk-custom-text-block tvk-custom-text-6a090ab82a32d-2689\" ><p style=\"text-align: center;\">Des lignes claires, des objets int\u00e9gr\u00e9s et adapt\u00e9s \u00e0 l\u2019usage. Le sur-mesure permet de lib\u00e9rer l\u2019espace et de favoriser l\u2019harmonie visuelle.<\/p>\n<\/div>[\/vc_column][vc_column width=\u00a0\u00bb1\/3\u2033][vc_icon icon_fontawesome=\u00a0\u00bbfas fa-cloud\u00a0\u00bb color=\u00a0\u00bbcustom\u00a0\u00bb size=\u00a0\u00bblg\u00a0\u00bb align=\u00a0\u00bbcenter\u00a0\u00bb css=\u00a0\u00bb.vc_custom_1748539963509{margin-bottom: 6vh !important;}\u00a0\u00bb custom_color=\u00a0\u00bb#0D3C05\u2033]<div class=\"tvk-vc-custom-title-container vc_custom_1750236968194 text-center\" ><h3 class=\"tvk-title-vc tvk-font-style-regular tvk-custom-title-6a090ab82a3ce-4777\" ><strong>Des espaces ouverts, connect\u00e9s et lisibles<\/strong><\/h3><\/div><div class=\"tvk-custom-text-block tvk-custom-text-6a090ab82a444-8361\" ><p style=\"text-align: center;\">Lin\u00e9a Terra privil\u00e9gie la fluidit\u00e9 plut\u00f4t que les cloisonnements. Chaque zone est identifiable par le rythme des mat\u00e9riaux, des lumi\u00e8res et des lignes.<\/p>\n<\/div>[\/vc_column][\/vc_row][vc_row css=\u00a0\u00bb.vc_custom_1748542805581{margin-top: 4vh !important;margin-bottom: 10vh !important;background-color: #CEC2AB !important;}\u00a0\u00bb][vc_column width=\u00a0\u00bb1\/2\u2033][vc_icon icon_fontawesome=\u00a0\u00bbfas fa-leaf\u00a0\u00bb color=\u00a0\u00bbcustom\u00a0\u00bb size=\u00a0\u00bblg\u00a0\u00bb align=\u00a0\u00bbcenter\u00a0\u00bb css=\u00a0\u00bb.vc_custom_1748540645776{margin-bottom: 6vh !important;}\u00a0\u00bb custom_color=\u00a0\u00bb#0D3C05\u2033]<div class=\"tvk-vc-custom-title-container vc_custom_1750237015905 text-center\" ><h3 class=\"tvk-title-vc tvk-font-style-regular tvk-custom-title-6a090ab82a4e2-231\" ><strong>Mati\u00e8res naturelles et respirantes<\/strong><\/h3><\/div><div class=\"tvk-custom-text-block vc_custom_1750237037182 tvk-custom-text-6a090ab82a559-4696\" ><p style=\"text-align: center;\">Bois massif, enduits \u00e0 la chaux, terres cuites, c\u00e9ramiques artisanales, tissus naturels. Des mat\u00e9riaux qui dialoguent avec l\u2019air, la lumi\u00e8re et le toucher.<\/p>\n<\/div>[\/vc_column][vc_column width=\u00a0\u00bb1\/2\u2033][vc_icon icon_fontawesome=\u00a0\u00bbfas fa-tree\u00a0\u00bb color=\u00a0\u00bbcustom\u00a0\u00bb size=\u00a0\u00bblg\u00a0\u00bb align=\u00a0\u00bbcenter\u00a0\u00bb css=\u00a0\u00bb.vc_custom_1748541182630{margin-bottom: 6vh !important;}\u00a0\u00bb custom_color=\u00a0\u00bb#0D3C05\u2033]<div class=\"tvk-vc-custom-title-container vc_custom_1750237026776 text-center\" ><h3 class=\"tvk-title-vc tvk-font-style-regular tvk-custom-title-6a090ab82a5f5-7069\" ><strong>Un style enracin\u00e9, \u00e9pur\u00e9 et intemporel<\/strong><\/h3><\/div><div class=\"tvk-custom-text-block tvk-custom-text-6a090ab82a669-9786\" ><p style=\"text-align: center;\">Ni d\u00e9cor excessif ni effet de mode. Justesse des proportions, continuit\u00e9 des surfaces, respect du lieu et des habitants.<\/p>\n<\/div>[\/vc_column][\/vc_row][vc_row][vc_column][vc_empty_space height=\u00a0\u00bb20vh\u00a0\u00bb][\/vc_column][\/vc_row][vc_row][vc_column]<div class=\"tvk-vc-custom-title-container text-left\" ><h2 class=\"tvk-title-vc tvk-font-style-custom\" ><strong>Une d\u00e9marche \u00e9cologique et humaine<\/strong><\/h2><\/div>[\/vc_column][\/vc_row][vc_row css=\u00a0\u00bb.vc_custom_1750235665168{margin-top: 5vh !important;}\u00a0\u00bb][vc_column width=\u00a0\u00bb1\/2\u2033][vc_single_image image=\u00a0\u00bb625\u2033 alignment=\u00a0\u00bbcenter\u00a0\u00bb animation=\u00a0\u00bbnone\u00a0\u00bb][\/vc_column][vc_column width=\u00a0\u00bb1\/2\u2033]<div class=\"tvk-custom-text-block tvk-custom-text-6a090ab82a799-4436\" ><p>> Utilisation de mat\u00e9riaux locaux, durables et peu transform\u00e9s<\/p>\n<\/div><div class=\"tvk-custom-text-block tvk-custom-text-6a090ab82a812-5414\" ><p>> Optimisation passive : ventilation naturelle, inertie thermique, orientation<\/p>\n<\/div><div class=\"tvk-custom-text-block tvk-custom-text-6a090ab82a88a-1312\" ><p>> Production sur mesure en circuit court<\/p>\n<\/div><div class=\"tvk-custom-text-block tvk-custom-text-6a090ab82a901-7344\" ><p>> Co-conception avec les clients pour refl\u00e9ter leurs besoins r\u00e9els<\/p>\n<\/div>[\/vc_column][\/vc_row][vc_row][vc_column][vc_empty_space height=\u00a0\u00bb20vh\u00a0\u00bb][\/vc_column][\/vc_row][vc_row css=\u00a0\u00bb.vc_custom_1750238880706{margin-bottom: 5vh !important;}\u00a0\u00bb][vc_column]<div class=\"tvk-vc-custom-title-container text-left\" ><h2 class=\"tvk-title-vc tvk-font-style-custom\" ><strong>Prestations<\/strong><\/h2><\/div>[\/vc_column][\/vc_row][vc_row][vc_column width=\u00a0\u00bb1\/2\u2033]<div class=\"tvk-custom-text-block tvk-custom-text-6a090ab82aa0d-9090\" ><p>> Conseil en am\u00e9nagement r\u00e9sidentiel, commercial et h\u00f4telier<\/p>\n<\/div><div class=\"tvk-custom-text-block tvk-custom-text-6a090ab82aa92-3743\" ><p>> \u00c9tudes lumi\u00e8re naturelle et implantation spatiale<\/p>\n<\/div><div class=\"tvk-custom-text-block tvk-custom-text-6a090ab82ab0e-5339\" ><p>> Cr\u00e9ation de mobilier int\u00e9gr\u00e9 et sur mesure<\/p>\n<\/div><div class=\"tvk-custom-text-block tvk-custom-text-6a090ab82ab8b-3651\" ><p>> Accompagnement dans le choix des mat\u00e9riaux et finitions<\/p>\n<\/div><div class=\"tvk-custom-text-block tvk-custom-text-6a090ab82ac01-8676\" ><p>> Suivi de projets de r\u00e9novation ou restructuration int\u00e9rieure<\/p>\n<\/div>[\/vc_column][vc_column width=\u00a0\u00bb1\/2\u2033][vc_single_image image=\u00a0\u00bb670\u2033 animation=\u00a0\u00bbnone\u00a0\u00bb][\/vc_column][\/vc_row][vc_row][vc_column][vc_empty_space height=\u00a0\u00bb20vh\u00a0\u00bb][\/vc_column][\/vc_row][vc_row][vc_column]<div class=\"tvk-blockquote tvk-custom-text-6a090ab82ac77-3902\" ><div class=\"blockquote-content-wrapper\"><div class=\"blockquote-content tvk-font-style-custom-italic\">Clear lines, vibrant matter: space rediscovers its meaning<\/div><div class=\"author-content tvk-font-style-regular\"><div class=\"author tvk-primary-cl\">Ivy Giffard<\/div><div class=\"profession\">Interior Architect<\/div><\/div><\/div><\/div>[\/vc_column][\/vc_row]<\/p>\n<\/div>","protected":false},"excerpt":{"rendered":"<p>[vc_row custom_responsive_option=\u00a0\u00bb\u00a0\u00bb el_class=\u00a0\u00bbhero-overlay\u00a0\u00bb][vc_column][\/vc_column][\/vc_row][vc_row][vc_column][vc_empty_space height=\u00a0\u00bb20vh\u00a0\u00bb][\/vc_column][\/vc_row][vc_row css=\u00a0\u00bb.vc_custom_1750235190399{margin-bottom: 0px !important;background-color: #B19A7D00 !important;}\u00a0\u00bb][vc_column][\/vc_column][\/vc_row][vc_row][vc_column][vc_empty_space height=\u00a0\u00bb20vh\u00a0\u00bb][\/vc_column][\/vc_row][vc_row][vc_column][\/vc_column][\/vc_row][vc_row css=\u00a0\u00bb.vc_custom_1750235648304{margin-top: 5vh !important;background-color: #CEC2AB !important;}\u00a0\u00bb][vc_column width=\u00a0\u00bb1\/3\u2033][vc_icon icon_fontawesome=\u00a0\u00bbfas fa-sun\u00a0\u00bb color=\u00a0\u00bbcustom\u00a0\u00bb size=\u00a0\u00bblg\u00a0\u00bb align=\u00a0\u00bbcenter\u00a0\u00bb css=\u00a0\u00bb.vc_custom_1748539630317{margin-bottom: 6vh !important;}\u00a0\u00bb custom_color=\u00a0\u00bb#0D3C05\u2033][\/vc_column][vc_column width=\u00a0\u00bb1\/3\u2033][vc_icon icon_fontawesome=\u00a0\u00bbfas fa-couch\u00a0\u00bb color=\u00a0\u00bbcustom\u00a0\u00bb size=\u00a0\u00bblg\u00a0\u00bb align=\u00a0\u00bbcenter\u00a0\u00bb css=\u00a0\u00bb.vc_custom_1748539941560{margin-bottom: 6vh !important;}\u00a0\u00bb custom_color=\u00a0\u00bb#0D3C05\u2033][\/vc_column][vc_column width=\u00a0\u00bb1\/3\u2033][vc_icon icon_fontawesome=\u00a0\u00bbfas fa-cloud\u00a0\u00bb color=\u00a0\u00bbcustom\u00a0\u00bb size=\u00a0\u00bblg\u00a0\u00bb align=\u00a0\u00bbcenter\u00a0\u00bb css=\u00a0\u00bb.vc_custom_1748539963509{margin-bottom: 6vh !important;}\u00a0\u00bb custom_color=\u00a0\u00bb#0D3C05\u2033][\/vc_column][\/vc_row][vc_row css=\u00a0\u00bb.vc_custom_1748542805581{margin-top: 4vh !important;margin-bottom: 10vh !important;background-color: #CEC2AB !important;}\u00a0\u00bb][vc_column width=\u00a0\u00bb1\/2\u2033][vc_icon icon_fontawesome=\u00a0\u00bbfas fa-leaf\u00a0\u00bb [&hellip;]<\/p>\n","protected":false},"author":1,"featured_media":0,"parent":0,"menu_order":0,"comment_status":"closed","ping_status":"closed","template":"","meta":{"footnotes":""},"class_list":["post-492","page","type-page","status-publish","hentry"],"yoast_head":"<!-- This site is optimized with the Yoast SEO plugin v27.6 - https:\/\/yoast.com\/product\/yoast-seo-wordpress\/ -->\n<title>Ivy Interior Design<\/title>\n<meta name=\"robots\" content=\"index, follow, max-snippet:-1, max-image-preview:large, max-video-preview:-1\" \/>\n<link rel=\"canonical\" href=\"https:\/\/ivyinterior.design\/fr\/\" \/>\n<meta property=\"og:locale\" content=\"fr_FR\" \/>\n<meta property=\"og:locale:alternate\" content=\"en_US\" \/>\n<meta property=\"og:locale:alternate\" content=\"es_ES\" \/>\n<meta property=\"og:type\" content=\"article\" \/>\n<meta property=\"og:title\" content=\"Ivy Interior Design\" \/>\n<meta property=\"og:description\" content=\"[vc_row custom_responsive_option=\u00a0\u00bb\u00a0\u00bb el_class=\u00a0\u00bbhero-overlay\u00a0\u00bb][vc_column][\/vc_column][\/vc_row][vc_row][vc_column][vc_empty_space height=\u00a0\u00bb20vh\u00a0\u00bb][\/vc_column][\/vc_row][vc_row css=\u00a0\u00bb.vc_custom_1750235190399{margin-bottom: 0px !important;background-color: #B19A7D00 !important;}\u00a0\u00bb][vc_column][\/vc_column][\/vc_row][vc_row][vc_column][vc_empty_space height=\u00a0\u00bb20vh\u00a0\u00bb][\/vc_column][\/vc_row][vc_row][vc_column][\/vc_column][\/vc_row][vc_row css=\u00a0\u00bb.vc_custom_1750235648304{margin-top: 5vh !important;background-color: #CEC2AB !important;}\u00a0\u00bb][vc_column width=\u00a0\u00bb1\/3\u2033][vc_icon icon_fontawesome=\u00a0\u00bbfas fa-sun\u00a0\u00bb color=\u00a0\u00bbcustom\u00a0\u00bb size=\u00a0\u00bblg\u00a0\u00bb align=\u00a0\u00bbcenter\u00a0\u00bb css=\u00a0\u00bb.vc_custom_1748539630317{margin-bottom: 6vh !important;}\u00a0\u00bb custom_color=\u00a0\u00bb#0D3C05\u2033][\/vc_column][vc_column width=\u00a0\u00bb1\/3\u2033][vc_icon icon_fontawesome=\u00a0\u00bbfas fa-couch\u00a0\u00bb color=\u00a0\u00bbcustom\u00a0\u00bb size=\u00a0\u00bblg\u00a0\u00bb align=\u00a0\u00bbcenter\u00a0\u00bb css=\u00a0\u00bb.vc_custom_1748539941560{margin-bottom: 6vh !important;}\u00a0\u00bb custom_color=\u00a0\u00bb#0D3C05\u2033][\/vc_column][vc_column width=\u00a0\u00bb1\/3\u2033][vc_icon icon_fontawesome=\u00a0\u00bbfas fa-cloud\u00a0\u00bb color=\u00a0\u00bbcustom\u00a0\u00bb size=\u00a0\u00bblg\u00a0\u00bb align=\u00a0\u00bbcenter\u00a0\u00bb css=\u00a0\u00bb.vc_custom_1748539963509{margin-bottom: 6vh !important;}\u00a0\u00bb custom_color=\u00a0\u00bb#0D3C05\u2033][\/vc_column][\/vc_row][vc_row css=\u00a0\u00bb.vc_custom_1748542805581{margin-top: 4vh !important;margin-bottom: 10vh !important;background-color: #CEC2AB !important;}\u00a0\u00bb][vc_column width=\u00a0\u00bb1\/2\u2033][vc_icon icon_fontawesome=\u00a0\u00bbfas fa-leaf\u00a0\u00bb [&hellip;]\" \/>\n<meta property=\"og:url\" content=\"https:\/\/ivyinterior.design\/fr\/\" \/>\n<meta property=\"article:modified_time\" content=\"2025-12-06T19:47:03+00:00\" \/>\n<meta name=\"twitter:card\" content=\"summary_large_image\" \/>\n<meta name=\"twitter:label1\" content=\"Dur\u00e9e de lecture estim\u00e9e\" \/>\n\t<meta name=\"twitter:data1\" content=\"3 minutes\" \/>\n<script type=\"application\/ld+json\" class=\"yoast-schema-graph\">{\"@context\":\"https:\\\/\\\/schema.org\",\"@graph\":[{\"@type\":\"WebPage\",\"@id\":\"https:\\\/\\\/ivyinterior.design\\\/en\\\/\",\"url\":\"https:\\\/\\\/ivyinterior.design\\\/en\\\/\",\"name\":\"Ivy Interior Design\",\"isPartOf\":{\"@id\":\"https:\\\/\\\/ivyinterior.design\\\/fr\\\/#website\"},\"datePublished\":\"2025-05-29T10:17:23+00:00\",\"dateModified\":\"2025-12-06T19:47:03+00:00\",\"breadcrumb\":{\"@id\":\"https:\\\/\\\/ivyinterior.design\\\/en\\\/#breadcrumb\"},\"inLanguage\":\"fr-FR\",\"potentialAction\":[{\"@type\":\"ReadAction\",\"target\":[\"https:\\\/\\\/ivyinterior.design\\\/en\\\/\"]}]},{\"@type\":\"BreadcrumbList\",\"@id\":\"https:\\\/\\\/ivyinterior.design\\\/en\\\/#breadcrumb\",\"itemListElement\":[{\"@type\":\"ListItem\",\"position\":1,\"name\":\"Portada\",\"item\":\"https:\\\/\\\/ivyinterior.design\\\/en\\\/\"},{\"@type\":\"ListItem\",\"position\":2,\"name\":\"Ivy Interior design\"}]},{\"@type\":\"WebSite\",\"@id\":\"https:\\\/\\\/ivyinterior.design\\\/fr\\\/#website\",\"url\":\"https:\\\/\\\/ivyinterior.design\\\/fr\\\/\",\"name\":\"Ivi Giffard\",\"description\":\"\",\"potentialAction\":[{\"@type\":\"SearchAction\",\"target\":{\"@type\":\"EntryPoint\",\"urlTemplate\":\"https:\\\/\\\/ivyinterior.design\\\/fr\\\/?s={search_term_string}\"},\"query-input\":{\"@type\":\"PropertyValueSpecification\",\"valueRequired\":true,\"valueName\":\"search_term_string\"}}],\"inLanguage\":\"fr-FR\"}]}<\/script>\n<!-- \/ Yoast SEO plugin. -->","yoast_head_json":{"title":"Ivy Interior Design","robots":{"index":"index","follow":"follow","max-snippet":"max-snippet:-1","max-image-preview":"max-image-preview:large","max-video-preview":"max-video-preview:-1"},"canonical":"https:\/\/ivyinterior.design\/fr\/","og_locale":"fr_FR","og_type":"article","og_title":"[:en]Ivy Interior design[:fr]Ivy Interior Design[:] -","og_description":"[vc_row custom_responsive_option=\u00a0\u00bb\u00a0\u00bb el_class=\u00a0\u00bbhero-overlay\u00a0\u00bb][vc_column][\/vc_column][\/vc_row][vc_row][vc_column][vc_empty_space height=\u00a0\u00bb20vh\u00a0\u00bb][\/vc_column][\/vc_row][vc_row css=\u00a0\u00bb.vc_custom_1750235190399{margin-bottom: 0px !important;background-color: #B19A7D00 !important;}\u00a0\u00bb][vc_column][\/vc_column][\/vc_row][vc_row][vc_column][vc_empty_space height=\u00a0\u00bb20vh\u00a0\u00bb][\/vc_column][\/vc_row][vc_row][vc_column][\/vc_column][\/vc_row][vc_row css=\u00a0\u00bb.vc_custom_1750235648304{margin-top: 5vh !important;background-color: #CEC2AB !important;}\u00a0\u00bb][vc_column width=\u00a0\u00bb1\/3\u2033][vc_icon icon_fontawesome=\u00a0\u00bbfas fa-sun\u00a0\u00bb color=\u00a0\u00bbcustom\u00a0\u00bb size=\u00a0\u00bblg\u00a0\u00bb align=\u00a0\u00bbcenter\u00a0\u00bb css=\u00a0\u00bb.vc_custom_1748539630317{margin-bottom: 6vh !important;}\u00a0\u00bb custom_color=\u00a0\u00bb#0D3C05\u2033][\/vc_column][vc_column width=\u00a0\u00bb1\/3\u2033][vc_icon icon_fontawesome=\u00a0\u00bbfas fa-couch\u00a0\u00bb color=\u00a0\u00bbcustom\u00a0\u00bb size=\u00a0\u00bblg\u00a0\u00bb align=\u00a0\u00bbcenter\u00a0\u00bb css=\u00a0\u00bb.vc_custom_1748539941560{margin-bottom: 6vh !important;}\u00a0\u00bb custom_color=\u00a0\u00bb#0D3C05\u2033][\/vc_column][vc_column width=\u00a0\u00bb1\/3\u2033][vc_icon icon_fontawesome=\u00a0\u00bbfas fa-cloud\u00a0\u00bb color=\u00a0\u00bbcustom\u00a0\u00bb size=\u00a0\u00bblg\u00a0\u00bb align=\u00a0\u00bbcenter\u00a0\u00bb css=\u00a0\u00bb.vc_custom_1748539963509{margin-bottom: 6vh !important;}\u00a0\u00bb custom_color=\u00a0\u00bb#0D3C05\u2033][\/vc_column][\/vc_row][vc_row css=\u00a0\u00bb.vc_custom_1748542805581{margin-top: 4vh !important;margin-bottom: 10vh !important;background-color: #CEC2AB !important;}\u00a0\u00bb][vc_column width=\u00a0\u00bb1\/2\u2033][vc_icon icon_fontawesome=\u00a0\u00bbfas fa-leaf\u00a0\u00bb [&hellip;]","og_url":"https:\/\/ivyinterior.design\/fr\/","article_modified_time":"2025-12-06T19:47:03+00:00","twitter_card":"summary_large_image","twitter_misc":{"Dur\u00e9e de lecture estim\u00e9e":"3 minutes"},"schema":{"@context":"https:\/\/schema.org","@graph":[{"@type":"WebPage","@id":"https:\/\/ivyinterior.design\/en\/","url":"https:\/\/ivyinterior.design\/en\/","name":"Ivy Interior Design","isPartOf":{"@id":"https:\/\/ivyinterior.design\/fr\/#website"},"datePublished":"2025-05-29T10:17:23+00:00","dateModified":"2025-12-06T19:47:03+00:00","breadcrumb":{"@id":"https:\/\/ivyinterior.design\/en\/#breadcrumb"},"inLanguage":"fr-FR","potentialAction":[{"@type":"ReadAction","target":["https:\/\/ivyinterior.design\/en\/"]}]},{"@type":"BreadcrumbList","@id":"https:\/\/ivyinterior.design\/en\/#breadcrumb","itemListElement":[{"@type":"ListItem","position":1,"name":"Portada","item":"https:\/\/ivyinterior.design\/en\/"},{"@type":"ListItem","position":2,"name":"Ivy Interior design"}]},{"@type":"WebSite","@id":"https:\/\/ivyinterior.design\/fr\/#website","url":"https:\/\/ivyinterior.design\/fr\/","name":"Ivi Giffard","description":"","potentialAction":[{"@type":"SearchAction","target":{"@type":"EntryPoint","urlTemplate":"https:\/\/ivyinterior.design\/fr\/?s={search_term_string}"},"query-input":{"@type":"PropertyValueSpecification","valueRequired":true,"valueName":"search_term_string"}}],"inLanguage":"fr-FR"}]}},"_links":{"self":[{"href":"https:\/\/ivyinterior.design\/fr\/wp-json\/wp\/v2\/pages\/492","targetHints":{"allow":["GET"]}}],"collection":[{"href":"https:\/\/ivyinterior.design\/fr\/wp-json\/wp\/v2\/pages"}],"about":[{"href":"https:\/\/ivyinterior.design\/fr\/wp-json\/wp\/v2\/types\/page"}],"author":[{"embeddable":true,"href":"https:\/\/ivyinterior.design\/fr\/wp-json\/wp\/v2\/users\/1"}],"replies":[{"embeddable":true,"href":"https:\/\/ivyinterior.design\/fr\/wp-json\/wp\/v2\/comments?post=492"}],"version-history":[{"count":105,"href":"https:\/\/ivyinterior.design\/fr\/wp-json\/wp\/v2\/pages\/492\/revisions"}],"predecessor-version":[{"id":878,"href":"https:\/\/ivyinterior.design\/fr\/wp-json\/wp\/v2\/pages\/492\/revisions\/878"}],"wp:attachment":[{"href":"https:\/\/ivyinterior.design\/fr\/wp-json\/wp\/v2\/media?parent=492"}],"curies":[{"name":"wp","href":"https:\/\/api.w.org\/{rel}","templated":true}]}}