{"id":3,"date":"2024-09-07T17:00:30","date_gmt":"2024-09-07T15:00:30","guid":{"rendered":"https:\/\/ivigiffard.webklitsche.de\/?page_id=3"},"modified":"2025-06-18T17:54:38","modified_gmt":"2025-06-18T15:54:38","slug":"about-me","status":"publish","type":"page","link":"https:\/\/ivyinterior.design\/fr\/about-me\/","title":{"rendered":"About me"},"content":{"rendered":"<div class=\"wpb-content-wrapper\"><p>[vc_row][vc_column]<div class=\"tvk-vc-custom-title-container text-left\" ><h1 class=\"tvk-title-vc tvk-font-style-custom tvk-dark-cl\" ><\/p>\n<p>\u00c0 PROPOS<\/p>\n<p><\/h1><\/div><div class=\"tvk-vc-custom-title-container text-left\" ><h2 class=\"tvk-title-vc tvk-font-style-custom tvk-dark-cl\" ><\/p>\n<p data-start=\"100\" data-end=\"146\"><strong data-start=\"100\" data-end=\"146\">Architecte & Designer d\u2019Espaces Int\u00e9rieurs<\/strong><\/p>\n<p><\/h2><\/div>[\/vc_column][\/vc_row][vc_row][vc_column]<div class=\"tvk-custom-text-block vc_custom_1750262077873 tvk-custom-text-6a09193215a38-3736\" ><p>Je con\u00e7ois des lieux durables, confortables et \u00e9l\u00e9gants, en alliant conception sur mesure, mat\u00e9riaux responsables et qualit\u00e9 d\u2019ex\u00e9cution.<\/p>\n<\/div>[vc_single_image image=\u00a0\u00bb434\u2033 img_size=\u00a0\u00bblarge\u00a0\u00bb regard_animation=\u00a0\u00bbenable\u00a0\u00bb animation=\u00a0\u00bbraise\u00a0\u00bb custom_delay=\u00a0\u00bbon\u00a0\u00bb class=\u00a0\u00bbfloat-left pr-4\u2033]<div class=\"tvk-custom-text-block tvk-custom-text-6a09193215ac7-327\" ><h3 data-start=\"292\" data-end=\"368\"><strong data-start=\"296\" data-end=\"368\">Vision professionnelle \u2013 Architecte et designer d\u2019espaces int\u00e9rieurs<\/strong><\/h3>\n<p data-start=\"370\" data-end=\"810\">Apr\u00e8s neuf ann\u00e9es d\u2019exp\u00e9rience professionnelle dans le secteur de la construction h\u00f4teli\u00e8re au Costa Rica \u2013 o\u00f9 j\u2019ai coordonn\u00e9 des projets de grande envergure pour des cha\u00eenes internationales \u2013 j\u2019ai choisi de revenir \u00e0 une pratique plus personnelle et cr\u00e9ative de l\u2019architecture. C\u2019est \u00e0 Caracas, au Venezuela, que j\u2019ai fond\u00e9 mon premier studio d\u2019architecture int\u00e9rieure, \u00e0 partir d\u2019un projet qui reste \u00e0 ce jour embl\u00e9matique de ma d\u00e9marche.<\/p>\n<p data-start=\"812\" data-end=\"1306\">Il s\u2019agissait de la r\u00e9novation compl\u00e8te d\u2019un premier appartement pour un jeune couple de professionnels : un projet o\u00f9 l\u2019\u00e9coute attentive, l\u2019optimisation des volumes, la conception sur mesure et le soin apport\u00e9 aux d\u00e9tails se sont conjugu\u00e9s pour cr\u00e9er un espace fluide, \u00e9l\u00e9gant et confortable. Ce projet a pos\u00e9 les bases de ma m\u00e9thode : une vision globale, o\u00f9 chaque d\u00e9cision de conception r\u00e9pond \u00e0 un usage pr\u00e9cis, contribue \u00e0 une atmosph\u00e8re harmonieuse et garantit une r\u00e9alisation de qualit\u00e9.<\/p>\n<p data-start=\"1308\" data-end=\"1563\">Install\u00e9e en France depuis 2015, j\u2019ai approfondi mon expertise au sein de trois agences d\u2019architecture et bureaux d\u2019\u00e9tudes. Ces exp\u00e9riences ont renforc\u00e9 mes comp\u00e9tences techniques, la rigueur de mon approche et ma capacit\u00e9 \u00e0 piloter des projets complexes.<\/p>\n<p data-start=\"1565\" data-end=\"2017\">Aujourd\u2019hui, avec <strong data-start=\"1583\" data-end=\"1598\">Lin\u00e9a Terra<\/strong>, je me consacre pleinement \u00e0 ce qui m\u2019anime le plus : la conception architecturale d\u2019espaces int\u00e9rieurs. Je con\u00e7ois et j\u2019accompagne des projets de r\u00e9novation et d\u2019am\u00e9nagement en associant sensibilit\u00e9 esth\u00e9tique, savoir-faire technique et attention port\u00e9e au d\u00e9tail. De la conception initiale \u00e0 la livraison finale, je propose un accompagnement global et personnalis\u00e9, guid\u00e9 par le dialogue, la pr\u00e9cision et la qualit\u00e9.<\/p>\n<p data-start=\"2019\" data-end=\"2209\">Pour moi, l\u2019architecture int\u00e9rieure est un art de la transformation au service du quotidien : un dialogue entre les usages, les mati\u00e8res et la lumi\u00e8re qui r\u00e9v\u00e8le tout le potentiel d\u2019un lieu.<\/p>\n<\/div>[\/vc_column][\/vc_row]<\/p>\n<\/div>","protected":false},"excerpt":{"rendered":"<p>[vc_row][vc_column][\/vc_column][\/vc_row][vc_row][vc_column][vc_single_image image=\u00a0\u00bb434\u2033 img_size=\u00a0\u00bblarge\u00a0\u00bb regard_animation=\u00a0\u00bbenable\u00a0\u00bb animation=\u00a0\u00bbraise\u00a0\u00bb custom_delay=\u00a0\u00bbon\u00a0\u00bb class=\u00a0\u00bbfloat-left pr-4\u2033][\/vc_column][\/vc_row]<\/p>\n","protected":false},"author":1,"featured_media":0,"parent":0,"menu_order":0,"comment_status":"closed","ping_status":"closed","template":"template-about-me.php","meta":{"footnotes":""},"class_list":["post-3","page","type-page","status-publish","hentry"],"yoast_head":"<!-- This site is optimized with the Yoast SEO plugin v27.6 - https:\/\/yoast.com\/product\/yoast-seo-wordpress\/ -->\n<title>About me<\/title>\n<meta name=\"robots\" content=\"index, follow, max-snippet:-1, max-image-preview:large, max-video-preview:-1\" \/>\n<link rel=\"canonical\" href=\"https:\/\/ivyinterior.design\/fr\/about-me\/\" \/>\n<meta property=\"og:locale\" content=\"fr_FR\" \/>\n<meta property=\"og:locale:alternate\" content=\"en_US\" \/>\n<meta property=\"og:locale:alternate\" content=\"es_ES\" \/>\n<meta property=\"og:type\" content=\"article\" \/>\n<meta property=\"og:title\" content=\"About me\" \/>\n<meta property=\"og:description\" content=\"[vc_row][vc_column][\/vc_column][\/vc_row][vc_row][vc_column][vc_single_image image=\u00a0\u00bb434\u2033 img_size=\u00a0\u00bblarge\u00a0\u00bb regard_animation=\u00a0\u00bbenable\u00a0\u00bb animation=\u00a0\u00bbraise\u00a0\u00bb custom_delay=\u00a0\u00bbon\u00a0\u00bb class=\u00a0\u00bbfloat-left pr-4\u2033][\/vc_column][\/vc_row]\" \/>\n<meta property=\"og:url\" content=\"https:\/\/ivyinterior.design\/fr\/about-me\/\" \/>\n<meta property=\"article:modified_time\" content=\"2025-06-18T15:54:38+00:00\" \/>\n<meta name=\"twitter:card\" content=\"summary_large_image\" \/>\n<meta name=\"twitter:label1\" content=\"Dur\u00e9e de lecture estim\u00e9e\" \/>\n\t<meta name=\"twitter:data1\" content=\"2 minutes\" \/>\n<script type=\"application\/ld+json\" class=\"yoast-schema-graph\">{\"@context\":\"https:\\\/\\\/schema.org\",\"@graph\":[{\"@type\":\"WebPage\",\"@id\":\"https:\\\/\\\/ivyinterior.design\\\/fr\\\/about-me\\\/\",\"url\":\"https:\\\/\\\/ivyinterior.design\\\/fr\\\/about-me\\\/\",\"name\":\"About me\",\"isPartOf\":{\"@id\":\"https:\\\/\\\/ivyinterior.design\\\/fr\\\/#website\"},\"datePublished\":\"2024-09-07T15:00:30+00:00\",\"dateModified\":\"2025-06-18T15:54:38+00:00\",\"breadcrumb\":{\"@id\":\"https:\\\/\\\/ivyinterior.design\\\/fr\\\/about-me\\\/#breadcrumb\"},\"inLanguage\":\"fr-FR\",\"potentialAction\":[{\"@type\":\"ReadAction\",\"target\":[\"https:\\\/\\\/ivyinterior.design\\\/fr\\\/about-me\\\/\"]}]},{\"@type\":\"BreadcrumbList\",\"@id\":\"https:\\\/\\\/ivyinterior.design\\\/fr\\\/about-me\\\/#breadcrumb\",\"itemListElement\":[{\"@type\":\"ListItem\",\"position\":1,\"name\":\"Portada\",\"item\":\"https:\\\/\\\/ivyinterior.design\\\/en\\\/\"},{\"@type\":\"ListItem\",\"position\":2,\"name\":\"About me\"}]},{\"@type\":\"WebSite\",\"@id\":\"https:\\\/\\\/ivyinterior.design\\\/fr\\\/#website\",\"url\":\"https:\\\/\\\/ivyinterior.design\\\/fr\\\/\",\"name\":\"Ivi Giffard\",\"description\":\"\",\"potentialAction\":[{\"@type\":\"SearchAction\",\"target\":{\"@type\":\"EntryPoint\",\"urlTemplate\":\"https:\\\/\\\/ivyinterior.design\\\/fr\\\/?s={search_term_string}\"},\"query-input\":{\"@type\":\"PropertyValueSpecification\",\"valueRequired\":true,\"valueName\":\"search_term_string\"}}],\"inLanguage\":\"fr-FR\"}]}<\/script>\n<!-- \/ Yoast SEO plugin. -->","yoast_head_json":{"title":"About me","robots":{"index":"index","follow":"follow","max-snippet":"max-snippet:-1","max-image-preview":"max-image-preview:large","max-video-preview":"max-video-preview:-1"},"canonical":"https:\/\/ivyinterior.design\/fr\/about-me\/","og_locale":"fr_FR","og_type":"article","og_title":"[:en]About me[:fr]About me[:] -","og_description":"[vc_row][vc_column][\/vc_column][\/vc_row][vc_row][vc_column][vc_single_image image=\u00a0\u00bb434\u2033 img_size=\u00a0\u00bblarge\u00a0\u00bb regard_animation=\u00a0\u00bbenable\u00a0\u00bb animation=\u00a0\u00bbraise\u00a0\u00bb custom_delay=\u00a0\u00bbon\u00a0\u00bb class=\u00a0\u00bbfloat-left pr-4\u2033][\/vc_column][\/vc_row]","og_url":"https:\/\/ivyinterior.design\/fr\/about-me\/","article_modified_time":"2025-06-18T15:54:38+00:00","twitter_card":"summary_large_image","twitter_misc":{"Dur\u00e9e de lecture estim\u00e9e":"2 minutes"},"schema":{"@context":"https:\/\/schema.org","@graph":[{"@type":"WebPage","@id":"https:\/\/ivyinterior.design\/fr\/about-me\/","url":"https:\/\/ivyinterior.design\/fr\/about-me\/","name":"About me","isPartOf":{"@id":"https:\/\/ivyinterior.design\/fr\/#website"},"datePublished":"2024-09-07T15:00:30+00:00","dateModified":"2025-06-18T15:54:38+00:00","breadcrumb":{"@id":"https:\/\/ivyinterior.design\/fr\/about-me\/#breadcrumb"},"inLanguage":"fr-FR","potentialAction":[{"@type":"ReadAction","target":["https:\/\/ivyinterior.design\/fr\/about-me\/"]}]},{"@type":"BreadcrumbList","@id":"https:\/\/ivyinterior.design\/fr\/about-me\/#breadcrumb","itemListElement":[{"@type":"ListItem","position":1,"name":"Portada","item":"https:\/\/ivyinterior.design\/en\/"},{"@type":"ListItem","position":2,"name":"About me"}]},{"@type":"WebSite","@id":"https:\/\/ivyinterior.design\/fr\/#website","url":"https:\/\/ivyinterior.design\/fr\/","name":"Ivi Giffard","description":"","potentialAction":[{"@type":"SearchAction","target":{"@type":"EntryPoint","urlTemplate":"https:\/\/ivyinterior.design\/fr\/?s={search_term_string}"},"query-input":{"@type":"PropertyValueSpecification","valueRequired":true,"valueName":"search_term_string"}}],"inLanguage":"fr-FR"}]}},"_links":{"self":[{"href":"https:\/\/ivyinterior.design\/fr\/wp-json\/wp\/v2\/pages\/3","targetHints":{"allow":["GET"]}}],"collection":[{"href":"https:\/\/ivyinterior.design\/fr\/wp-json\/wp\/v2\/pages"}],"about":[{"href":"https:\/\/ivyinterior.design\/fr\/wp-json\/wp\/v2\/types\/page"}],"author":[{"embeddable":true,"href":"https:\/\/ivyinterior.design\/fr\/wp-json\/wp\/v2\/users\/1"}],"replies":[{"embeddable":true,"href":"https:\/\/ivyinterior.design\/fr\/wp-json\/wp\/v2\/comments?post=3"}],"version-history":[{"count":21,"href":"https:\/\/ivyinterior.design\/fr\/wp-json\/wp\/v2\/pages\/3\/revisions"}],"predecessor-version":[{"id":736,"href":"https:\/\/ivyinterior.design\/fr\/wp-json\/wp\/v2\/pages\/3\/revisions\/736"}],"wp:attachment":[{"href":"https:\/\/ivyinterior.design\/fr\/wp-json\/wp\/v2\/media?parent=3"}],"curies":[{"name":"wp","href":"https:\/\/api.w.org\/{rel}","templated":true}]}}