{"id":443,"date":"2025-02-09T18:28:19","date_gmt":"2025-02-09T17:28:19","guid":{"rendered":"https:\/\/ivigiffard.webklitsche.de\/en\/?page_id=443"},"modified":"2026-04-11T18:10:27","modified_gmt":"2026-04-11T16:10:27","slug":"services","status":"publish","type":"page","link":"https:\/\/ivyinterior.design\/es\/services\/","title":{"rendered":"Services"},"content":{"rendered":"<div class=\"wpb-content-wrapper\"><p>[vc_row][vc_column]<div class=\"tvk-vc-custom-title-container vc_custom_1750256639744 text-left\" ><h1 class=\"tvk-title-vc tvk-font-style-custom\" >Services<\/h1><\/div><div class=\"tvk-vc-custom-title-container vc_custom_1750258607062 text-left\" ><h2 class=\"tvk-title-vc tvk-font-style-custom\" >Rendez-vous Consulting D\u00e9co :<br data-start=\"187\" data-end=\"190\" \/>Transformez vos espaces avec style et harmonie<\/h2><\/div>[vc_separator css=\u00bb.vc_custom_1750254594908{margin-bottom: 8vh !important;}\u00bb][vc_row_inner][vc_column_inner width=\u00bb2\/3\u2033]<div class=\"tvk-custom-text-block tvk-custom-text-6a0916a7cc1ef-1970\" ><h3 data-start=\"240\" data-end=\"482\">Notre mission<\/h3>\n<p data-start=\"240\" data-end=\"482\">Nous vous inspirons et vous accompagnons dans vos choix d\u2019am\u00e9nagement int\u00e9rieur gr\u00e2ce \u00e0 des id\u00e9es innovantes, des s\u00e9lections de d\u00e9coration uniques et une approche Feng Shui, pour cr\u00e9er des espaces harmonieux et \u00e9quilibr\u00e9s.<\/p>\n<h3 data-start=\"484\" data-end=\"511\">Comment \u00e7a fonctionne ?<\/h3>\n<p data-start=\"513\" data-end=\"840\">\ud83d\udd39 Consultation personnalis\u00e9e \u2013 Un entretien individuel avec une architecte d\u2019int\u00e9rieur exp\u00e9riment\u00e9e<br data-start=\"617\" data-end=\"620\" \/>\ud83d\udd39 Id\u00e9es cr\u00e9atives \u2013 Pr\u00e9sentation de concepts d\u00e9co originaux et de solutions de mise en valeur<br data-start=\"718\" data-end=\"721\" \/>\ud83d\udd39 Expertise Feng Shui \u2013 Conseils adapt\u00e9s pour optimiser la circulation des \u00e9nergies et cr\u00e9er un meilleur \u00e9quilibre<\/p>\n<h3 data-start=\"842\" data-end=\"860\">Livrable final<\/h3>\n<p data-start=\"862\" data-end=\"1130\">Un tableau de conception complet comprenant :<br data-start=\"907\" data-end=\"910\" \/>\u2705 Propositions d\u2019am\u00e9nagement et de d\u00e9coration \u2013 Optimisation des volumes et suggestions stylistiques<br data-start=\"1014\" data-end=\"1017\" \/>\u2705 Liste de shopping personnalis\u00e9e \u2013 S\u00e9lection exclusive de meubles et objets d\u00e9co pour une ambiance coh\u00e9rente<\/p>\n<\/div>[\/vc_column_inner][vc_column_inner width=\u00bb1\/3\u2033][vc_single_image image=\u00bb718\u2033 animation=\u00bbnone\u00bb vc_css=\u00bb.vc_custom_1750257883821{border-top-width: 1px !important;border-right-width: 1px !important;border-bottom-width: 1px !important;border-left-width: 1px !important;padding-top: 2px !important;padding-right: 2px !important;padding-bottom: 2px !important;padding-left: 2px !important;background-color: #FFFFFF !important;border-color: #FFFFFF !important;}\u00bb][\/vc_column_inner][\/vc_row_inner][vc_empty_space][vc_btn title=\u00bbContactez-nous et r\u00e9servez votre Consulting D\u00e9co !\u00bb color=\u00bbvista-blue\u00bb size=\u00bblg\u00bb align=\u00bbleft\u00bb css=\u00bb\u00bb link=\u00bburl:https%3A%2F%2Fivyinterior.design%2Ffr%2Fcontact%2F|title:Contact\u00bb][\/vc_column][\/vc_row][vc_row css=\u00bb.vc_custom_1750258283369{margin-top: 15vh !important;}\u00bb][vc_column]<div class=\"tvk-vc-custom-title-container vc_custom_1750258677915 text-left\" ><h2 class=\"tvk-title-vc tvk-font-style-custom\" >De la conception \u00e0 la r\u00e9alisation :<br data-start=\"1233\" data-end=\"1236\" \/>une solution cl\u00e9 en main pour votre transformation int\u00e9rieure<\/h2><\/div>[vc_separator css=\u00bb.vc_custom_1750254594908{margin-bottom: 8vh !important;}\u00bb][vc_row_inner][vc_column_inner width=\u00bb2\/3\u2033]<div class=\"tvk-custom-text-block tvk-custom-text-6a0916a7cc32e-3114\" ><h3 data-start=\"1301\" data-end=\"1336\"><strong data-start=\"1301\" data-end=\"1336\">\u00c9tape 1 : Premi\u00e8re consultation<\/strong><\/h3>\n<p data-start=\"1338\" data-end=\"1475\">\ud83d\udcc5 <strong data-start=\"1341\" data-end=\"1375\">Planification d\u2019un rendez-vous<\/strong> \u2013 Nous prenons le temps de comprendre votre vision, vos besoins et vos envies pour votre int\u00e9rieur.<\/p>\n<h3 data-start=\"1477\" data-end=\"1560\"><strong data-start=\"1477\" data-end=\"1519\">\u00c9tape 2 : \u00c9tude & conception du projet<\/strong><\/h3>\n<p data-start=\"1477\" data-end=\"1560\"><em data-start=\"1522\" data-end=\"1560\">(Apr\u00e8s acceptation du devis initial)<\/em><\/p>\n<p data-start=\"1562\" data-end=\"1657\">\ud83d\udccf <strong data-start=\"1565\" data-end=\"1584\">Relev\u00e9 sur site<\/strong> \u2013 Prise de mesures et analyse de l\u2019existant<br data-start=\"1628\" data-end=\"1631\" \/>\ud83d\udcd0 <strong data-start=\"1634\" data-end=\"1657\">\u00c9tude de conception<\/strong><\/p>\n<ul data-start=\"1659\" data-end=\"1851\">\n<li data-start=\"1659\" data-end=\"1701\">\n<p data-start=\"1661\" data-end=\"1701\">R\u00e9alisation d\u2019un plan 2D de l\u2019existant<\/p>\n<\/li>\n<li data-start=\"1702\" data-end=\"1753\">\n<p data-start=\"1704\" data-end=\"1753\">Proposition d\u2019un am\u00e9nagement 2D du futur projet<\/p>\n<\/li>\n<li data-start=\"1754\" data-end=\"1790\">\n<p data-start=\"1756\" data-end=\"1790\">D\u00e9finition du cahier des charges<\/p>\n<\/li>\n<li data-start=\"1791\" data-end=\"1851\">\n<p data-start=\"1793\" data-end=\"1851\">Visualisations 3D pour une projection r\u00e9aliste du r\u00e9sultat<\/p>\n<\/li>\n<\/ul>\n<h3 data-start=\"1853\" data-end=\"1903\"><strong data-start=\"1853\" data-end=\"1903\">\u00c9tape 3 : Planification technique & budg\u00e9taire<\/strong><\/h3>\n<p data-start=\"1905\" data-end=\"1963\">\ud83d\udccb <strong data-start=\"1908\" data-end=\"1963\">Dossier technique & estimation budg\u00e9taire d\u00e9taill\u00e9e<\/strong><\/p>\n<ul data-start=\"1965\" data-end=\"2247\">\n<li data-start=\"1965\" data-end=\"2056\">\n<p data-start=\"1967\" data-end=\"2056\">Dossier complet \u00e0 destination des entreprises avec toutes les sp\u00e9cifications techniques<\/p>\n<\/li>\n<li data-start=\"2057\" data-end=\"2247\">\n<p data-start=\"2059\" data-end=\"2247\">Estimation budg\u00e9taire claire et transparente pour planifier en toute s\u00e9r\u00e9nit\u00e9<br data-start=\"2136\" data-end=\"2139\" \/>\ud83d\udecd\ufe0f <strong data-start=\"2143\" data-end=\"2173\">Guide d\u2019achat personnalis\u00e9<\/strong> \u2013 S\u00e9lection de luminaires, meubles et accessoires adapt\u00e9s \u00e0 votre univers<\/p>\n<\/li>\n<\/ul>\n<h3 data-start=\"2249\" data-end=\"2291\"><strong data-start=\"2249\" data-end=\"2291\">\u00c9tape 4 : Accompagnement administratif<\/strong><\/h3>\n<p data-start=\"2293\" data-end=\"2354\">\ud83d\udcd1 <strong data-start=\"2296\" data-end=\"2325\">Pr\u00e9paration des documents<\/strong> pour les d\u00e9marches l\u00e9gales :<\/p>\n<ul data-start=\"2356\" data-end=\"2435\">\n<li data-start=\"2356\" data-end=\"2380\">\n<p data-start=\"2358\" data-end=\"2380\">Permis de construire<\/p>\n<\/li>\n<li data-start=\"2381\" data-end=\"2408\">\n<p data-start=\"2383\" data-end=\"2408\">D\u00e9clarations pr\u00e9alables<\/p>\n<\/li>\n<li data-start=\"2409\" data-end=\"2435\">\n<p data-start=\"2411\" data-end=\"2435\">Autorisations de travaux<\/p>\n<\/li>\n<\/ul>\n<\/div>[\/vc_column_inner][vc_column_inner width=\u00bb1\/3\u2033][vc_single_image image=\u00bb705\u2033 alignment=\u00bbcenter\u00bb animation=\u00bbnone\u00bb vc_css=\u00bb.vc_custom_1750256179836{margin-bottom: 5vh !important;border-top-width: 1px !important;border-right-width: 1px !important;border-bottom-width: 1px !important;border-left-width: 1px !important;padding-top: 2px !important;padding-right: 2px !important;padding-bottom: 2px !important;padding-left: 2px !important;background-color: #FFFFFF !important;border-color: #FFFFFF !important;}\u00bb][vc_single_image image=\u00bb706\u2033 animation=\u00bbnone\u00bb vc_css=\u00bb.vc_custom_1750256288439{border-top-width: 1px !important;border-right-width: 1px !important;border-bottom-width: 1px !important;border-left-width: 1px !important;padding-top: 2px !important;padding-right: 2px !important;padding-bottom: 2px !important;padding-left: 2px !important;background-color: #FFFFFF !important;border-color: #FFFFFF !important;}\u00bb][\/vc_column_inner][\/vc_row_inner][vc_empty_space][vc_btn title=\u00bbFaites-nous part de vos id\u00e9es\u00bb color=\u00bbvista-blue\u00bb size=\u00bblg\u00bb align=\u00bbleft\u00bb css=\u00bb\u00bb link=\u00bburl:https%3A%2F%2Fivyinterior.design%2Fen%2Fcontact%2F|title:Contact\u00bb][\/vc_column][\/vc_row][vc_row][vc_column]<div class=\"tvk-custom-text-block tvk-custom-text-6a0916a7cc40a-3393\" ><h2 data-start=\"2442\" data-end=\"2469\"><strong data-start=\"2442\" data-end=\"2469\">Pourquoi nous choisir ?<\/strong><\/h2>\n<p data-start=\"2471\" data-end=\"2677\">\u2728 <strong data-start=\"2473\" data-end=\"2525\">Accompagnement global en architecture int\u00e9rieure<\/strong> \u2013 De la r\u00e9novation \u00e0 l\u2019agencement, en passant par la conception de mobilier sur mesure, nous prenons en charge chaque \u00e9tape avec rigueur et cr\u00e9ativit\u00e9.<\/p>\n<p data-start=\"2679\" data-end=\"2807\">\ud83d\ude80 <strong data-start=\"2682\" data-end=\"2728\">Transformez votre espace d\u00e8s aujourd\u2019hui !<\/strong><br data-start=\"2728\" data-end=\"2731\" \/>Contactez-nous pour une premi\u00e8re consultation et donnons vie \u00e0 votre projet.<\/p>\n<\/div>[\/vc_column][\/vc_row]<\/p>\n<\/div>","protected":false},"excerpt":{"rendered":"<p>[vc_row][vc_column][vc_separator css=\u00bb.vc_custom_1750254594908{margin-bottom: 8vh !important;}\u00bb][vc_row_inner][vc_column_inner width=\u00bb2\/3\u2033][\/vc_column_inner][vc_column_inner width=\u00bb1\/3\u2033][vc_single_image image=\u00bb718\u2033 animation=\u00bbnone\u00bb vc_css=\u00bb.vc_custom_1750257883821{border-top-width: 1px !important;border-right-width: 1px !important;border-bottom-width: 1px !important;border-left-width: 1px !important;padding-top: 2px !important;padding-right: 2px !important;padding-bottom: 2px !important;padding-left: 2px !important;background-color: #FFFFFF !important;border-color: #FFFFFF !important;}\u00bb][\/vc_column_inner][\/vc_row_inner][vc_empty_space][vc_btn title=\u00bbContactez-nous et r\u00e9servez votre Consulting D\u00e9co !\u00bb color=\u00bbvista-blue\u00bb size=\u00bblg\u00bb align=\u00bbleft\u00bb css=\u00bb\u00bb link=\u00bburl:https%3A%2F%2Fivyinterior.design%2Ffr%2Fcontact%2F|title:Contact\u00bb][\/vc_column][\/vc_row][vc_row css=\u00bb.vc_custom_1750258283369{margin-top: 15vh !important;}\u00bb][vc_column][vc_separator css=\u00bb.vc_custom_1750254594908{margin-bottom: 8vh !important;}\u00bb][vc_row_inner][vc_column_inner width=\u00bb2\/3\u2033][\/vc_column_inner][vc_column_inner width=\u00bb1\/3\u2033][vc_single_image image=\u00bb705\u2033 alignment=\u00bbcenter\u00bb animation=\u00bbnone\u00bb vc_css=\u00bb.vc_custom_1750256179836{margin-bottom: 5vh !important;border-top-width: [&hellip;]<\/p>\n","protected":false},"author":1,"featured_media":0,"parent":0,"menu_order":0,"comment_status":"closed","ping_status":"closed","template":"","meta":{"footnotes":""},"class_list":["post-443","page","type-page","status-publish","hentry"],"yoast_head":"<!-- This site is optimized with the Yoast SEO plugin v27.6 - https:\/\/yoast.com\/product\/yoast-seo-wordpress\/ -->\n<title>Services<\/title>\n<meta name=\"robots\" content=\"index, follow, max-snippet:-1, max-image-preview:large, max-video-preview:-1\" \/>\n<link rel=\"canonical\" href=\"https:\/\/ivyinterior.design\/es\/services\/\" \/>\n<meta property=\"og:locale\" content=\"es_ES\" \/>\n<meta property=\"og:locale:alternate\" content=\"en_US\" \/>\n<meta property=\"og:locale:alternate\" content=\"fr_FR\" \/>\n<meta property=\"og:type\" content=\"article\" \/>\n<meta property=\"og:title\" content=\"Services\" \/>\n<meta property=\"og:description\" content=\"[vc_row][vc_column][vc_separator css=\u00bb.vc_custom_1750254594908{margin-bottom: 8vh !important;}\u00bb][vc_row_inner][vc_column_inner width=\u00bb2\/3\u2033][\/vc_column_inner][vc_column_inner width=\u00bb1\/3\u2033][vc_single_image image=\u00bb718\u2033 animation=\u00bbnone\u00bb vc_css=\u00bb.vc_custom_1750257883821{border-top-width: 1px !important;border-right-width: 1px !important;border-bottom-width: 1px !important;border-left-width: 1px !important;padding-top: 2px !important;padding-right: 2px !important;padding-bottom: 2px !important;padding-left: 2px !important;background-color: #FFFFFF !important;border-color: #FFFFFF !important;}\u00bb][\/vc_column_inner][\/vc_row_inner][vc_empty_space][vc_btn title=\u00bbContactez-nous et r\u00e9servez votre Consulting D\u00e9co !\u00bb color=\u00bbvista-blue\u00bb size=\u00bblg\u00bb align=\u00bbleft\u00bb css=\u00bb\u00bb link=\u00bburl:https%3A%2F%2Fivyinterior.design%2Ffr%2Fcontact%2F|title:Contact\u00bb][\/vc_column][\/vc_row][vc_row css=\u00bb.vc_custom_1750258283369{margin-top: 15vh !important;}\u00bb][vc_column][vc_separator css=\u00bb.vc_custom_1750254594908{margin-bottom: 8vh !important;}\u00bb][vc_row_inner][vc_column_inner width=\u00bb2\/3\u2033][\/vc_column_inner][vc_column_inner width=\u00bb1\/3\u2033][vc_single_image image=\u00bb705\u2033 alignment=\u00bbcenter\u00bb animation=\u00bbnone\u00bb vc_css=\u00bb.vc_custom_1750256179836{margin-bottom: 5vh !important;border-top-width: [&hellip;]\" \/>\n<meta property=\"og:url\" content=\"https:\/\/ivyinterior.design\/es\/services\/\" \/>\n<meta property=\"article:modified_time\" content=\"2026-04-11T16:10:27+00:00\" \/>\n<meta name=\"twitter:card\" content=\"summary_large_image\" \/>\n<meta name=\"twitter:label1\" content=\"Tiempo de lectura\" \/>\n\t<meta name=\"twitter:data1\" content=\"3 minutos\" \/>\n<script type=\"application\/ld+json\" class=\"yoast-schema-graph\">{\"@context\":\"https:\\\/\\\/schema.org\",\"@graph\":[{\"@type\":\"WebPage\",\"@id\":\"https:\\\/\\\/ivyinterior.design\\\/es\\\/services\\\/\",\"url\":\"https:\\\/\\\/ivyinterior.design\\\/es\\\/services\\\/\",\"name\":\"Services\",\"isPartOf\":{\"@id\":\"https:\\\/\\\/ivyinterior.design\\\/fr\\\/#website\"},\"datePublished\":\"2025-02-09T17:28:19+00:00\",\"dateModified\":\"2026-04-11T16:10:27+00:00\",\"breadcrumb\":{\"@id\":\"https:\\\/\\\/ivyinterior.design\\\/es\\\/services\\\/#breadcrumb\"},\"inLanguage\":\"es-ES\",\"potentialAction\":[{\"@type\":\"ReadAction\",\"target\":[\"https:\\\/\\\/ivyinterior.design\\\/es\\\/services\\\/\"]}]},{\"@type\":\"BreadcrumbList\",\"@id\":\"https:\\\/\\\/ivyinterior.design\\\/es\\\/services\\\/#breadcrumb\",\"itemListElement\":[{\"@type\":\"ListItem\",\"position\":1,\"name\":\"Portada\",\"item\":\"https:\\\/\\\/ivyinterior.design\\\/en\\\/\"},{\"@type\":\"ListItem\",\"position\":2,\"name\":\"Services\"}]},{\"@type\":\"WebSite\",\"@id\":\"https:\\\/\\\/ivyinterior.design\\\/fr\\\/#website\",\"url\":\"https:\\\/\\\/ivyinterior.design\\\/fr\\\/\",\"name\":\"Ivi Giffard\",\"description\":\"\",\"potentialAction\":[{\"@type\":\"SearchAction\",\"target\":{\"@type\":\"EntryPoint\",\"urlTemplate\":\"https:\\\/\\\/ivyinterior.design\\\/fr\\\/?s={search_term_string}\"},\"query-input\":{\"@type\":\"PropertyValueSpecification\",\"valueRequired\":true,\"valueName\":\"search_term_string\"}}],\"inLanguage\":\"es-ES\"}]}<\/script>\n<!-- \/ Yoast SEO plugin. -->","yoast_head_json":{"title":"Services","robots":{"index":"index","follow":"follow","max-snippet":"max-snippet:-1","max-image-preview":"max-image-preview:large","max-video-preview":"max-video-preview:-1"},"canonical":"https:\/\/ivyinterior.design\/es\/services\/","og_locale":"es_ES","og_type":"article","og_title":"[:en]Services[:fr]Services[:] -","og_description":"[vc_row][vc_column][vc_separator css=\u00bb.vc_custom_1750254594908{margin-bottom: 8vh !important;}\u00bb][vc_row_inner][vc_column_inner width=\u00bb2\/3\u2033][\/vc_column_inner][vc_column_inner width=\u00bb1\/3\u2033][vc_single_image image=\u00bb718\u2033 animation=\u00bbnone\u00bb vc_css=\u00bb.vc_custom_1750257883821{border-top-width: 1px !important;border-right-width: 1px !important;border-bottom-width: 1px !important;border-left-width: 1px !important;padding-top: 2px !important;padding-right: 2px !important;padding-bottom: 2px !important;padding-left: 2px !important;background-color: #FFFFFF !important;border-color: #FFFFFF !important;}\u00bb][\/vc_column_inner][\/vc_row_inner][vc_empty_space][vc_btn title=\u00bbContactez-nous et r\u00e9servez votre Consulting D\u00e9co !\u00bb color=\u00bbvista-blue\u00bb size=\u00bblg\u00bb align=\u00bbleft\u00bb css=\u00bb\u00bb link=\u00bburl:https%3A%2F%2Fivyinterior.design%2Ffr%2Fcontact%2F|title:Contact\u00bb][\/vc_column][\/vc_row][vc_row css=\u00bb.vc_custom_1750258283369{margin-top: 15vh !important;}\u00bb][vc_column][vc_separator css=\u00bb.vc_custom_1750254594908{margin-bottom: 8vh !important;}\u00bb][vc_row_inner][vc_column_inner width=\u00bb2\/3\u2033][\/vc_column_inner][vc_column_inner width=\u00bb1\/3\u2033][vc_single_image image=\u00bb705\u2033 alignment=\u00bbcenter\u00bb animation=\u00bbnone\u00bb vc_css=\u00bb.vc_custom_1750256179836{margin-bottom: 5vh !important;border-top-width: [&hellip;]","og_url":"https:\/\/ivyinterior.design\/es\/services\/","article_modified_time":"2026-04-11T16:10:27+00:00","twitter_card":"summary_large_image","twitter_misc":{"Tiempo de lectura":"3 minutos"},"schema":{"@context":"https:\/\/schema.org","@graph":[{"@type":"WebPage","@id":"https:\/\/ivyinterior.design\/es\/services\/","url":"https:\/\/ivyinterior.design\/es\/services\/","name":"Services","isPartOf":{"@id":"https:\/\/ivyinterior.design\/fr\/#website"},"datePublished":"2025-02-09T17:28:19+00:00","dateModified":"2026-04-11T16:10:27+00:00","breadcrumb":{"@id":"https:\/\/ivyinterior.design\/es\/services\/#breadcrumb"},"inLanguage":"es-ES","potentialAction":[{"@type":"ReadAction","target":["https:\/\/ivyinterior.design\/es\/services\/"]}]},{"@type":"BreadcrumbList","@id":"https:\/\/ivyinterior.design\/es\/services\/#breadcrumb","itemListElement":[{"@type":"ListItem","position":1,"name":"Portada","item":"https:\/\/ivyinterior.design\/en\/"},{"@type":"ListItem","position":2,"name":"Services"}]},{"@type":"WebSite","@id":"https:\/\/ivyinterior.design\/fr\/#website","url":"https:\/\/ivyinterior.design\/fr\/","name":"Ivi Giffard","description":"","potentialAction":[{"@type":"SearchAction","target":{"@type":"EntryPoint","urlTemplate":"https:\/\/ivyinterior.design\/fr\/?s={search_term_string}"},"query-input":{"@type":"PropertyValueSpecification","valueRequired":true,"valueName":"search_term_string"}}],"inLanguage":"es-ES"}]}},"_links":{"self":[{"href":"https:\/\/ivyinterior.design\/es\/wp-json\/wp\/v2\/pages\/443","targetHints":{"allow":["GET"]}}],"collection":[{"href":"https:\/\/ivyinterior.design\/es\/wp-json\/wp\/v2\/pages"}],"about":[{"href":"https:\/\/ivyinterior.design\/es\/wp-json\/wp\/v2\/types\/page"}],"author":[{"embeddable":true,"href":"https:\/\/ivyinterior.design\/es\/wp-json\/wp\/v2\/users\/1"}],"replies":[{"embeddable":true,"href":"https:\/\/ivyinterior.design\/es\/wp-json\/wp\/v2\/comments?post=443"}],"version-history":[{"count":47,"href":"https:\/\/ivyinterior.design\/es\/wp-json\/wp\/v2\/pages\/443\/revisions"}],"predecessor-version":[{"id":1071,"href":"https:\/\/ivyinterior.design\/es\/wp-json\/wp\/v2\/pages\/443\/revisions\/1071"}],"wp:attachment":[{"href":"https:\/\/ivyinterior.design\/es\/wp-json\/wp\/v2\/media?parent=443"}],"curies":[{"name":"wp","href":"https:\/\/api.w.org\/{rel}","templated":true}]}}